{"id":30114,"date":"2026-02-18T19:55:47","date_gmt":"2026-02-18T19:55:47","guid":{"rendered":"https:\/\/new.santehnova.md\/?page_id=30114"},"modified":"2026-03-31T11:43:34","modified_gmt":"2026-03-31T11:43:34","slug":"livrare","status":"publish","type":"page","link":"https:\/\/santehnova.md\/ru\/livrare\/","title":{"rendered":"\u0414\u043e\u0441\u0442\u0430\u0432\u043a\u0430"},"content":{"rendered":"<div data-elementor-type=\"wp-page\" data-elementor-id=\"30114\" class=\"elementor elementor-30114\">\n\t\t\t\t<div class=\"wd-negative-gap elementor-element elementor-element-9df5f21 e-flex e-con-boxed e-con e-parent\" data-id=\"9df5f21\" data-element_type=\"container\" data-e-type=\"container\">\n\t\t\t\t\t<div class=\"e-con-inner\">\n\t\t<div class=\"elementor-element elementor-element-a7538cf e-con-full e-flex e-con e-child\" data-id=\"a7538cf\" data-element_type=\"container\" data-e-type=\"container\" data-settings=\"{&quot;background_background&quot;:&quot;classic&quot;}\">\n\t\t\t\t<\/div>\n\t\t<div class=\"elementor-element elementor-element-f7f6d26 e-con-full e-flex e-con e-child\" data-id=\"f7f6d26\" data-element_type=\"container\" data-e-type=\"container\">\n\t\t<div class=\"elementor-element elementor-element-d7f7789 e-con-full e-flex e-con e-child\" data-id=\"d7f7789\" data-element_type=\"container\" data-e-type=\"container\">\n\t\t<div class=\"elementor-element elementor-element-a88cc5c e-con-full e-flex e-con e-child\" data-id=\"a88cc5c\" data-element_type=\"container\" data-e-type=\"container\" data-settings=\"{&quot;background_background&quot;:&quot;classic&quot;}\">\n\t\t\t\t<div class=\"elementor-element elementor-element-9f77150 elementor-widget elementor-widget-heading\" data-id=\"9f77150\" data-element_type=\"widget\" data-e-type=\"widget\" data-widget_type=\"heading.default\">\n\t\t\t\t\t<h2 class=\"elementor-heading-title elementor-size-default\">\u0411\u044b\u0441\u0442\u0440\u0430\u044f \u0434\u043e\u0441\u0442\u0430\u0432\u043a\u0430<\/h2>\t\t\t\t<\/div>\n\t\t<div class=\"elementor-element elementor-element-b2f37b8 e-con-full e-flex e-con e-child\" data-id=\"b2f37b8\" data-element_type=\"container\" data-e-type=\"container\">\n\t\t\t\t<div class=\"elementor-element elementor-element-3a6f9b7 elementor-widget elementor-widget-heading\" data-id=\"3a6f9b7\" data-element_type=\"widget\" data-e-type=\"widget\" data-widget_type=\"heading.default\">\n\t\t\t\t\t<h2 class=\"elementor-heading-title elementor-size-default\">\u0411\u0435\u0441\u043f\u043b\u0430\u0442\u043d\u043e \u043f\u043e \u0433\u043e\u0440\u043e\u0434\u0443<\/h2>\t\t\t\t<\/div>\n\t\t\t\t<div class=\"elementor-element elementor-element-0a81050 color-scheme-inherit text-left elementor-widget elementor-widget-text-editor\" data-id=\"0a81050\" data-element_type=\"widget\" data-e-type=\"widget\" data-widget_type=\"text-editor.default\">\n\t\t\t\t\t\t\t\t\t<p>\u0434\u043b\u044f \u0437\u0430\u043a\u0430\u0437\u043e\u0432 \u043e\u0442 500 MDL<\/p>\t\t\t\t\t\t\t\t<\/div>\n\t\t\t\t<\/div>\n\t\t\t\t<div class=\"elementor-element elementor-element-2bc6b03 elementor-widget elementor-widget-wd_button\" data-id=\"2bc6b03\" data-element_type=\"widget\" data-e-type=\"widget\" data-widget_type=\"wd_button.default\">\n\t\t\t\t<div class=\"elementor-widget-container\">\n\t\t\t\t\t\t\t<div class=\"wd-button-wrapper text-center\" >\n\t\t\t<a class=\"btn btn-style-default btn-shape-semi-round btn-size-default btn-icon-pos-right\"  href=\"#condition\">\n\t\t\t\t<span class=\"wd-btn-text\" data-elementor-setting-key=\"text\">\n\t\t\t\t\t\u041f\u043e\u0441\u043c\u043e\u0442\u0440\u0435\u0442\u044c \u0443\u0441\u043b\u043e\u0432\u0438\u044f\t\t\t\t<\/span>\n\n\t\t\t\t\t\t\t<\/a>\n\t\t<\/div>\n\t\t\t\t\t\t<\/div>\n\t\t\t\t<\/div>\n\t\t\t\t<\/div>\n\t\t\t\t<\/div>\n\t\t\t\t<\/div>\n\t\t\t\t\t<\/div>\n\t\t\t\t<\/div>\n\t\t<div class=\"wd-negative-gap elementor-element elementor-element-68003e8 wd-section-stretch e-flex e-con-boxed e-con e-parent\" data-id=\"68003e8\" data-element_type=\"container\" data-e-type=\"container\">\n\t\t\t\t\t<div class=\"e-con-inner\">\n\t\t<div class=\"elementor-element elementor-element-9b51bb6 e-con-full e-flex e-con e-child\" data-id=\"9b51bb6\" data-element_type=\"container\" data-e-type=\"container\">\n\t\t\t\t<div class=\"elementor-element elementor-element-521c766 elementor-widget elementor-widget-heading\" data-id=\"521c766\" data-element_type=\"widget\" data-e-type=\"widget\" data-widget_type=\"heading.default\">\n\t\t\t\t\t<h2 class=\"elementor-heading-title elementor-size-default\">\u0411\u044b\u0441\u0442\u0440\u0430\u044f \u0434\u043e\u0441\u0442\u0430\u0432\u043a\u0430<\/h2>\t\t\t\t<\/div>\n\t\t\t\t<div class=\"elementor-element elementor-element-0c07d2d color-scheme-inherit text-left elementor-widget elementor-widget-text-editor\" data-id=\"0c07d2d\" data-element_type=\"widget\" data-e-type=\"widget\" data-widget_type=\"text-editor.default\">\n\t\t\t\t\t\t\t\t\t<p>\u0415\u0441\u043b\u0438 \u0432\u044b \u043d\u0435 \u0445\u043e\u0442\u0438\u0442\u0435 \u0442\u0440\u0430\u0442\u0438\u0442\u044c \u0432\u0440\u0435\u043c\u044f \u043d\u0430 \u0443\u0441\u0442\u0430\u043d\u043e\u0432\u043a\u0443 \u0438\u043b\u0438 \u0442\u0440\u0430\u043d\u0441\u043f\u043e\u0440\u0442\u0438\u0440\u043e\u0432\u043a\u0443 \u043f\u0440\u0438\u043e\u0431\u0440\u0435\u0442\u0435\u043d\u043d\u044b\u0445 \u0441\u0430\u043d\u0442\u0435\u0445\u043d\u0438\u0447\u0435\u0441\u043a\u0438\u0445 \u0438\u0437\u0434\u0435\u043b\u0438\u0439, \u043c\u044b \u043f\u043e\u043c\u043e\u0436\u0435\u043c \u0432\u0430\u043c \u043e\u0431\u043b\u0435\u0433\u0447\u0438\u0442\u044c \u0436\u0438\u0437\u043d\u044c. \u041c\u044b \u043f\u0440\u0435\u0434\u043b\u0430\u0433\u0430\u0435\u043c \u0431\u044b\u0441\u0442\u0440\u0443\u044e \u0438 \u0431\u0435\u0437\u043e\u043f\u0430\u0441\u043d\u0443\u044e \u0434\u043e\u0441\u0442\u0430\u0432\u043a\u0443 \u0432 \u041a\u0438\u0448\u0438\u043d\u0435\u0432\u0435 \u0438 \u043f\u043e \u0432\u0441\u0435\u0439 \u0420\u0435\u0441\u043f\u0443\u0431\u043b\u0438\u043a\u0435 \u041c\u043e\u043b\u0434\u043e\u0432\u0430. \u041d\u0430\u043f\u043e\u043c\u0438\u043d\u0430\u0435\u043c, \u0447\u0442\u043e \u0432\u0441\u0435 \u0437\u0430\u043a\u0430\u0437\u044b \u043f\u043e\u0434\u0442\u0432\u0435\u0440\u0436\u0434\u0430\u044e\u0442\u0441\u044f \u043f\u043e \u0442\u0435\u043b\u0435\u0444\u043e\u043d\u0443, \u0430 \u0442\u043e\u0447\u043d\u043e\u0435 \u0432\u0440\u0435\u043c\u044f \u0434\u043e\u0441\u0442\u0430\u0432\u043a\u0438 \u0431\u0443\u0434\u0435\u0442 \u0441\u043e\u0433\u043b\u0430\u0441\u043e\u0432\u0430\u043d\u043e \u0441 \u043d\u0430\u0448\u0438\u043c \u043e\u043f\u0435\u0440\u0430\u0442\u043e\u0440\u043e\u043c.<\/p>\t\t\t\t\t\t\t\t<\/div>\n\t\t\t\t<\/div>\n\t\t\t\t\t<\/div>\n\t\t\t\t<\/div>\n\t\t<div class=\"wd-negative-gap elementor-element elementor-element-7207735 e-flex e-con-boxed e-con e-parent\" data-id=\"7207735\" data-element_type=\"container\" data-e-type=\"container\">\n\t\t\t\t\t<div class=\"e-con-inner\">\n\t\t<div class=\"elementor-element elementor-element-945965d e-con-full e-flex e-con e-child\" data-id=\"945965d\" data-element_type=\"container\" data-e-type=\"container\">\n\t\t\t\t<div class=\"elementor-element elementor-element-505b46d elementor-widget-divider--view-line elementor-widget elementor-widget-divider\" data-id=\"505b46d\" data-element_type=\"widget\" data-e-type=\"widget\" data-widget_type=\"divider.default\">\n\t\t\t\t\t\t\t<div class=\"elementor-divider\">\n\t\t\t<span class=\"elementor-divider-separator\">\n\t\t\t\t\t\t<\/span>\n\t\t<\/div>\n\t\t\t\t\t\t<\/div>\n\t\t\t\t<div class=\"elementor-element elementor-element-c179ebd elementor-widget elementor-widget-heading\" data-id=\"c179ebd\" data-element_type=\"widget\" data-e-type=\"widget\" data-widget_type=\"heading.default\">\n\t\t\t\t\t<h2 class=\"elementor-heading-title elementor-size-default\">\u0414\u043e\u0441\u0442\u0430\u0432\u043a\u0430 \u0432 \u041a\u0438\u0448\u0438\u043d\u0435\u0432\u0435<\/h2>\t\t\t\t<\/div>\n\t\t\t\t<div class=\"elementor-element elementor-element-6a51821 color-scheme-inherit text-left elementor-widget elementor-widget-text-editor\" data-id=\"6a51821\" data-element_type=\"widget\" data-e-type=\"widget\" data-widget_type=\"text-editor.default\">\n\t\t\t\t\t\t\t\t\t<h4 data-start=\"534\" data-end=\"557\">\u0423\u0441\u043b\u043e\u0432\u0438\u044f \u0434\u043e\u0441\u0442\u0430\u0432\u043a\u0438<\/h4>\n<ul data-start=\"559\" data-end=\"1150\">\n<li data-start=\"559\" data-end=\"663\">\n<p data-start=\"561\" data-end=\"663\">\u0414\u043e\u0441\u0442\u0430\u0432\u043a\u0430 \u043f\u043e \u041a\u0438\u0448\u0438\u043d\u0435\u0432\u0443 \u0431\u0435\u0441\u043f\u043b\u0430\u0442\u043d\u0430 \u043f\u0440\u0438 \u0437\u0430\u043a\u0430\u0437\u0435 \u043e\u0442 500 \u043b\u0435\u0435\u0432, \u0432 \u043f\u0440\u0435\u0434\u0435\u043b\u0430\u0445 \u043d\u0430\u043b\u0438\u0447\u0438\u044f \u0442\u043e\u0432\u0430\u0440\u0430 \u043d\u0430 \u0441\u043a\u043b\u0430\u0434\u0435.<\/p>\n<\/li>\n<li data-start=\"664\" data-end=\"791\">\n<p data-start=\"666\" data-end=\"791\">\u0414\u043e\u0441\u0442\u0430\u0432\u043a\u0430 \u0432 \u041a\u0438\u0448\u0438\u043d\u0435\u0432\u0435 \u043e\u0441\u0443\u0449\u0435\u0441\u0442\u0432\u043b\u044f\u0435\u0442\u0441\u044f \u0441 \u043f\u043e\u043d\u0435\u0434\u0435\u043b\u044c\u043d\u0438\u043a\u0430 \u043f\u043e \u043f\u044f\u0442\u043d\u0438\u0446\u0443 \u0441 10:00 \u0434\u043e 19:00, \u0430 \u043f\u043e \u0441\u0443\u0431\u0431\u043e\u0442\u0430\u043c \u0441 10:00 \u0434\u043e 16:00.<\/p>\n<\/li>\n<li data-start=\"792\" data-end=\"1014\">\n<p data-start=\"794\" data-end=\"1014\">\u0417\u0430\u043a\u0430\u0437\u044b, \u043e\u0444\u043e\u0440\u043c\u043b\u0435\u043d\u043d\u044b\u0435 \u0434\u043e 13:00, \u0431\u0443\u0434\u0443\u0442 \u0434\u043e\u0441\u0442\u0430\u0432\u043b\u0435\u043d\u044b \u0432 \u0442\u043e\u0442 \u0436\u0435 \u0434\u0435\u043d\u044c (\u043f\u0440\u0438 \u043d\u0430\u043b\u0438\u0447\u0438\u0438 \u0442\u043e\u0432\u0430\u0440\u0430 \u043d\u0430 \u0441\u043a\u043b\u0430\u0434\u0435 \u0438 \u043d\u0430\u043b\u0438\u0447\u0438\u0438 \u043a\u0443\u0440\u044c\u0435\u0440\u0441\u043a\u043e\u0439 \u0441\u043b\u0443\u0436\u0431\u044b); \u0437\u0430\u043a\u0430\u0437\u044b, \u043e\u0444\u043e\u0440\u043c\u043b\u0435\u043d\u043d\u044b\u0435 \u043f\u043e\u0441\u043b\u0435 \u044d\u0442\u043e\u0433\u043e \u0432\u0440\u0435\u043c\u0435\u043d\u0438, \u0431\u0443\u0434\u0443\u0442 \u0434\u043e\u0441\u0442\u0430\u0432\u043b\u0435\u043d\u044b \u043d\u0430 \u0441\u043b\u0435\u0434\u0443\u044e\u0449\u0438\u0439 \u0434\u0435\u043d\u044c \u0438\u043b\u0438 \u0432 \u0442\u0435\u0447\u0435\u043d\u0438\u0435 \u0434\u0432\u0443\u0445 \u0434\u043d\u0435\u0439.<\/p>\n<\/li>\n<li data-start=\"1015\" data-end=\"1087\">\n<p data-start=\"1017\" data-end=\"1087\">Livrarea comenzilor \u00eentre 300 \u2013 499 lei: <strong data-start=\"1058\" data-end=\"1085\">\u0421\u0442\u043e\u0438\u043c\u043e\u0441\u0442\u044c \u0434\u043e\u0441\u0442\u0430\u0432\u043a\u0438 \u2013 100 \u043b\u0435\u0439.<\/strong><\/p>\n<\/li>\n<li data-start=\"1088\" data-end=\"1150\">\n<p data-start=\"1090\" data-end=\"1150\">Livrarea comenzilor sub 299 lei: <strong data-start=\"1123\" data-end=\"1150\">\u0421\u0442\u043e\u0438\u043c\u043e\u0441\u0442\u044c \u0434\u043e\u0441\u0442\u0430\u0432\u043a\u0438 \u2013 150 \u043b\u0435\u0439.<\/strong><\/p>\n<\/li>\n<\/ul>\t\t\t\t\t\t\t\t<\/div>\n\t\t\t\t<\/div>\n\t\t\t\t\t<\/div>\n\t\t\t\t<\/div>\n\t\t<div class=\"wd-negative-gap elementor-element elementor-element-0bc8c52 e-flex e-con-boxed e-con e-parent\" data-id=\"0bc8c52\" data-element_type=\"container\" data-e-type=\"container\">\n\t\t\t\t\t<div class=\"e-con-inner\">\n\t\t<div class=\"elementor-element elementor-element-1d8ad69 e-con-full e-flex e-con e-child\" data-id=\"1d8ad69\" data-element_type=\"container\" data-e-type=\"container\">\n\t\t\t\t<div class=\"elementor-element elementor-element-5dc3dcd elementor-widget-divider--view-line elementor-widget elementor-widget-divider\" data-id=\"5dc3dcd\" data-element_type=\"widget\" data-e-type=\"widget\" data-widget_type=\"divider.default\">\n\t\t\t\t\t\t\t<div class=\"elementor-divider\">\n\t\t\t<span class=\"elementor-divider-separator\">\n\t\t\t\t\t\t<\/span>\n\t\t<\/div>\n\t\t\t\t\t\t<\/div>\n\t\t\t\t<div class=\"elementor-element elementor-element-f04a2ea elementor-widget elementor-widget-heading\" data-id=\"f04a2ea\" data-element_type=\"widget\" data-e-type=\"widget\" data-widget_type=\"heading.default\">\n\t\t\t\t\t<h2 class=\"elementor-heading-title elementor-size-default\">\u041f\u0435\u0440\u0435\u043d\u043e\u0441 \u0442\u043e\u0432\u0430\u0440\u043e\u0432 \u043d\u0430 \u044d\u0442\u0430\u0436 \u0438\u043b\u0438 \u0434\u043e\u0441\u0442\u0430\u0432\u043a\u0430 \u043d\u0430 \u0434\u043e\u043c.<\/h2>\t\t\t\t<\/div>\n\t\t\t\t<div class=\"elementor-element elementor-element-25e31cd color-scheme-inherit text-left elementor-widget elementor-widget-text-editor\" data-id=\"25e31cd\" data-element_type=\"widget\" data-e-type=\"widget\" data-widget_type=\"text-editor.default\">\n\t\t\t\t\t\t\t\t\t<ul><li data-start=\"1209\" data-end=\"1312\"><p data-start=\"1211\" data-end=\"1312\">\u041f\u0435\u0440\u0435\u043d\u043e\u0441 \u043a\u0440\u0443\u043f\u043d\u043e\u0433\u0430\u0431\u0430\u0440\u0438\u0442\u043d\u044b\u0445 \u0437\u0430\u043a\u0430\u0437\u043e\u0432 \u043d\u0430  \u044d\u0442\u0430\u0436 \u043a\u0443\u0440\u044c\u0435\u0440 \u043c\u043e\u0436\u0435\u0442 \u043e\u0441\u0443\u0449\u0435\u0441\u0442\u0432\u0438\u0442\u044c \u0441\u043e\u0432\u043c\u0435\u0441\u0442\u043d\u043e \u0441 \u043a\u043b\u0438\u0435\u043d\u0442\u043e\u043c.<\/p><\/li><li data-start=\"1313\" data-end=\"1544\"><p data-start=\"1315\" data-end=\"1544\">\u0414\u043b\u044f \u0437\u0430\u043a\u0430\u0437\u043e\u0432 \u0441 \u043a\u0440\u0443\u043f\u043d\u043e\u0433\u0430\u0431\u0430\u0440\u0438\u0442\u043d\u044b\u043c\u0438 \u0438 \u0442\u044f\u0436\u0435\u043b\u044b\u043c\u0438 \u0442\u043e\u0432\u0430\u0440\u0430\u043c\u0438 \u0432\u0435\u0441\u043e\u043c \u0431\u043e\u043b\u0435\u0435 100 \u043a\u0433, \u043a\u043e\u0442\u043e\u0440\u044b\u0435 \u043a\u0443\u0440\u044c\u0435\u0440 \u043d\u0435 \u043c\u043e\u0436\u0435\u0442 \u043f\u0435\u0440\u0435\u043d\u0435\u0441\u0442\u0438 \u0432 \u043e\u0434\u0438\u043d\u043e\u0447\u043a\u0443, \u043f\u043e\u043c\u0438\u043c\u043e \u043a\u0443\u0440\u044c\u0435\u0440\u0430 \u0434\u043e\u043b\u0436\u0435\u043d \u043f\u0440\u0438\u0441\u0443\u0442\u0441\u0442\u0432\u043e\u0432\u0430\u0442\u044c \u043a\u0430\u043a \u043c\u0438\u043d\u0438\u043c\u0443\u043c \u0435\u0449\u0435 \u043e\u0434\u0438\u043d \u0447\u0435\u043b\u043e\u0432\u0435\u043a, \u0447\u0442\u043e\u0431\u044b \u0433\u0430\u0440\u0430\u043d\u0442\u0438\u0440\u043e\u0432\u0430\u0442\u044c \u0434\u043e\u0441\u0442\u0430\u0432\u043a\u0443 \u0442\u043e\u0432\u0430\u0440\u043e\u0432 \u043d\u0430 \u0434\u043e\u043c.<\/p><\/li><li data-start=\"1545\" data-end=\"1766\"><p data-start=\"1547\" data-end=\"1766\">\u0414\u043e\u0441\u0442\u0430\u0432\u043a\u0430 \u0442\u043e\u0432\u0430\u0440\u043e\u0432 \u043d\u0430 \u044d\u0442\u0430\u0436 \u0438\u043b\u0438 \u043d\u0430 \u0434\u043e\u043c \u043c\u043e\u0436\u0435\u0442 \u043e\u0441\u0443\u0449\u0435\u0441\u0442\u0432\u043b\u044f\u0442\u044c\u0441\u044f \u0437\u0430 \u0434\u043e\u043f\u043e\u043b\u043d\u0438\u0442\u0435\u043b\u044c\u043d\u0443\u044e \u043f\u043b\u0430\u0442\u0443. \u0421\u0442\u043e\u0438\u043c\u043e\u0441\u0442\u044c \u044d\u0442\u043e\u0439 \u0443\u0441\u043b\u0443\u0433\u0438 \u0431\u0443\u0434\u0435\u0442 \u0441\u043e\u0433\u043b\u0430\u0441\u043e\u0432\u0430\u043d\u0430 \u0441 \u043e\u043f\u0435\u0440\u0430\u0442\u043e\u0440\u043e\u043c \u0432 \u0437\u0430\u0432\u0438\u0441\u0438\u043c\u043e\u0441\u0442\u0438 \u043e\u0442 \u044d\u0442\u0430\u0436\u0430, \u043e\u0431\u044a\u0435\u043c\u0430 \u0438 \u0432\u0435\u0441\u0430 \u0442\u043e\u0432\u0430\u0440\u043e\u0432.<\/p><\/li><\/ul>\t\t\t\t\t\t\t\t<\/div>\n\t\t\t\t<\/div>\n\t\t\t\t\t<\/div>\n\t\t\t\t<\/div>\n\t\t<div class=\"wd-negative-gap elementor-element elementor-element-c73dbe4 e-flex e-con-boxed e-con e-parent\" data-id=\"c73dbe4\" data-element_type=\"container\" data-e-type=\"container\">\n\t\t\t\t\t<div class=\"e-con-inner\">\n\t\t<div class=\"elementor-element elementor-element-1ab846a e-con-full e-flex e-con e-child\" data-id=\"1ab846a\" data-element_type=\"container\" data-e-type=\"container\">\n\t\t\t\t<div class=\"elementor-element elementor-element-6c8e1d6 elementor-widget-divider--view-line elementor-widget elementor-widget-divider\" data-id=\"6c8e1d6\" data-element_type=\"widget\" data-e-type=\"widget\" data-widget_type=\"divider.default\">\n\t\t\t\t\t\t\t<div class=\"elementor-divider\">\n\t\t\t<span class=\"elementor-divider-separator\">\n\t\t\t\t\t\t<\/span>\n\t\t<\/div>\n\t\t\t\t\t\t<\/div>\n\t\t\t\t<div class=\"elementor-element elementor-element-73d8fa0 elementor-widget elementor-widget-heading\" data-id=\"73d8fa0\" data-element_type=\"widget\" data-e-type=\"widget\" data-widget_type=\"heading.default\">\n\t\t\t\t\t<h2 class=\"elementor-heading-title elementor-size-default\">\u0414\u043e\u0441\u0442\u0430\u0432\u043a\u0430 \u043f\u043e \u0441\u0442\u0440\u0430\u043d\u0435<\/h2>\t\t\t\t<\/div>\n\t\t\t\t<\/div>\n\t\t\t\t\t<\/div>\n\t\t\t\t<\/div>\n\t\t\t\t<\/div>","protected":false},"excerpt":{"rendered":"<p>Livrare rapid\u0103 Gratuit \u00een ora\u0219 pentru comenzi de minimum 500 MDL Vezi condi\u021biile LIVRARE RAPID\u0102 Dac\u0103 nu vrei s\u0103 pierzi<\/p>","protected":false},"author":1,"featured_media":0,"parent":0,"menu_order":0,"comment_status":"closed","ping_status":"closed","template":"","meta":{"footnotes":""},"class_list":["post-30114","page","type-page","status-publish","hentry"],"_links":{"self":[{"href":"https:\/\/santehnova.md\/ru\/wp-json\/wp\/v2\/pages\/30114","targetHints":{"allow":["GET"]}}],"collection":[{"href":"https:\/\/santehnova.md\/ru\/wp-json\/wp\/v2\/pages"}],"about":[{"href":"https:\/\/santehnova.md\/ru\/wp-json\/wp\/v2\/types\/page"}],"author":[{"embeddable":true,"href":"https:\/\/santehnova.md\/ru\/wp-json\/wp\/v2\/users\/1"}],"replies":[{"embeddable":true,"href":"https:\/\/santehnova.md\/ru\/wp-json\/wp\/v2\/comments?post=30114"}],"version-history":[{"count":16,"href":"https:\/\/santehnova.md\/ru\/wp-json\/wp\/v2\/pages\/30114\/revisions"}],"predecessor-version":[{"id":30611,"href":"https:\/\/santehnova.md\/ru\/wp-json\/wp\/v2\/pages\/30114\/revisions\/30611"}],"wp:attachment":[{"href":"https:\/\/santehnova.md\/ru\/wp-json\/wp\/v2\/media?parent=30114"}],"curies":[{"name":"wp","href":"https:\/\/api.w.org\/{rel}","templated":true}]}}