{"id":29587,"date":"2026-02-18T17:47:27","date_gmt":"2026-02-18T17:47:27","guid":{"rendered":"https:\/\/new.santehnova.md\/?post_type=product&#038;p=29587"},"modified":"2026-03-13T10:06:15","modified_gmt":"2026-03-13T10:06:15","slug":"sifon-pentru-chiuveta-1047","status":"publish","type":"product","link":"https:\/\/santehnova.md\/ru\/product\/sifon-pentru-chiuveta-1047\/","title":{"rendered":"\u0421\u0438\u0444\u043e\u043d \u0434\u043b\u044f \u043c\u043e\u0439\u043a\u0438 1047"},"content":{"rendered":"<pre id=\"tw-target-text\" class=\"tw-data-text tw-text-large tw-ta\" dir=\"ltr\" data-placeholder=\"Translation\" data-ved=\"2ahUKEwil54n6r8GOAxXOUlUIHTaHLlQQ3ewLegQIChAV\" aria-label=\"Translated text: Sifon pentru chiuvet\u0103 metalic\u0103 can\u0103 din o\u021bel inoxidabil 304 \u0219urub din o\u021bel inoxidabil piuli\u021be de 1 1\/2'' balon maxi orificiu demontabil preaplic\u0103 p\u0103trat\u0103 orificiu de canalizare \u021beav\u0103 ondulat\u0103 dimensiunea orificiului de canalizare \u00d840\/50\"><span class=\"Y2IQFc\" lang=\"ro\">\u0421\u0438\u0444\u043e\u043d \u0434\u043b\u044f \u043c\u0435\u0442\u0430\u043b\u0438\u0447\u0435\u0441\u043a\u043e\u0439 \u043c\u043e\u0439\u043a\u0438\n\u0447\u0430\u0448\u043a\u0430 \u043e\u0442 304 \u043a\u0430\u0447\u0435\u0441\u0442\u0432\u043e \u043d\u0435\u0440\u0436\u0430\u0432\u0435\u044e\u0449\u0435\u0439 \u0441\u0442\u0430\u043b\u0438\n\u0432\u0438\u043d\u0442 \u043e\u0442 \u043d\u0435\u0440\u0436\u0430\u0432\u0435\u044e\u0449\u0435\u0439 \u0441\u0442\u0430\u043b\u0438\n1 1\/2\u201d \u0413\u0430\u0439\u043a\u0438\n\u041c\u0430\u043a\u0441\u0438 \u043a\u043e\u043b\u0431\u0430\n\u0420\u0430\u0437\u0431\u043e\u0440\u043d\u043e\u0439 \u0432\u044b\u043f\u0443\u0441\u043a\n\u043f\u0435\u0440\u0435\u043b\u0438\u0432 \u043a\u0432\u0430\u0434\u0440\u0430\u0442\u043d\u044b\u0439\n\u0412\u044b\u0445\u043e\u0434 \u0432 \u043a\u0430\u043d\u0430\u043b\u0438\u0437\u0430\u0446\u0438\u044e \u0433\u043e\u0444\u0440\u0430 \u0442\u0440\u0443\u0431\u0430\n\u0420\u0430\u0437\u043c\u0435\u0440 \u0432\u044b\u0445\u043e\u0434\u0430 \u0432 \u043a\u0430\u043d\u0430\u043b\u0438\u0437\u0430\u0446\u0438\u044e \u00d840\/50<\/span><\/pre>","protected":false},"excerpt":{"rendered":"<p><span class=\"Y2IQFc\" lang=\"ro\">\u0421\u0438\u0444\u043e\u043d \u0434\u043b\u044f \u043c\u0435\u0442\u0430\u043b\u0438\u0447\u0435\u0441\u043a\u043e\u0439 \u043c\u043e\u0439\u043a\u0438<\/span>\u00a0<span class=\"slash\">\/<\/span> <span class=\"Y2IQFc\" lang=\"ro\">1 1\/2\u201d \u0413\u0430\u0439\u043a\u0438<\/span>\u00a0<span class=\"slash\">\/<\/span> <span class=\"slash\"><span class=\"Y2IQFc\" lang=\"ro\">\u041c\u0430\u043a\u0441\u0438 \u043a\u043e\u043b\u0431\u0430<\/span>\u00a0<span class=\"slash\">\/<\/span>\u00a0<span class=\"Y2IQFc\" lang=\"ro\">\u043f\u0435\u0440\u0435\u043b\u0438\u0432 \u043a\u0432\u0430\u0434\u0440\u0430\u0442\u043d\u044b\u0439\u00a0<span class=\"slash\">\/<\/span> \u0432\u044b\u0445\u043e\u0434  \u00d840\/50<\/span><\/span><\/p>","protected":false},"featured_media":29638,"comment_status":"open","ping_status":"closed","template":"","meta":[],"product_brand":[171],"product_cat":[175,187,143],"product_tag":[],"class_list":{"0":"post-29587","1":"product","2":"type-product","3":"status-publish","4":"has-post-thumbnail","6":"product_brand-nova","7":"product_cat-bucatarie-cat-principala","8":"product_cat-sifoane-pu-bucatrie","9":"product_cat-sifoane-pentru-chiuveta","11":"first","12":"instock","13":"shipping-taxable","14":"purchasable","15":"product-type-simple"},"_links":{"self":[{"href":"https:\/\/santehnova.md\/ru\/wp-json\/wp\/v2\/product\/29587","targetHints":{"allow":["GET"]}}],"collection":[{"href":"https:\/\/santehnova.md\/ru\/wp-json\/wp\/v2\/product"}],"about":[{"href":"https:\/\/santehnova.md\/ru\/wp-json\/wp\/v2\/types\/product"}],"replies":[{"embeddable":true,"href":"https:\/\/santehnova.md\/ru\/wp-json\/wp\/v2\/comments?post=29587"}],"version-history":[{"count":1,"href":"https:\/\/santehnova.md\/ru\/wp-json\/wp\/v2\/product\/29587\/revisions"}],"predecessor-version":[{"id":29641,"href":"https:\/\/santehnova.md\/ru\/wp-json\/wp\/v2\/product\/29587\/revisions\/29641"}],"wp:featuredmedia":[{"embeddable":true,"href":"https:\/\/santehnova.md\/ru\/wp-json\/wp\/v2\/media\/29638"}],"wp:attachment":[{"href":"https:\/\/santehnova.md\/ru\/wp-json\/wp\/v2\/media?parent=29587"}],"wp:term":[{"taxonomy":"product_brand","embeddable":true,"href":"https:\/\/santehnova.md\/ru\/wp-json\/wp\/v2\/product_brand?post=29587"},{"taxonomy":"product_cat","embeddable":true,"href":"https:\/\/santehnova.md\/ru\/wp-json\/wp\/v2\/product_cat?post=29587"},{"taxonomy":"product_tag","embeddable":true,"href":"https:\/\/santehnova.md\/ru\/wp-json\/wp\/v2\/product_tag?post=29587"}],"curies":[{"name":"wp","href":"https:\/\/api.w.org\/{rel}","templated":true}]}}